{"id":1072,"date":"2019-01-10T15:21:56","date_gmt":"2019-01-10T15:21:56","guid":{"rendered":"http:\/\/www.riksforeningenpar.se\/?p=195"},"modified":"2026-04-09T20:08:36","modified_gmt":"2026-04-09T20:08:36","slug":"delaktighet-i-din-egen-vard-och-ditt-ansvar","status":"publish","type":"page","link":"https:\/\/par.equalsthlm.se\/index.php\/att-vara-patient-i-rattspsykiatrin\/delaktighet-i-din-egen-vard-och-ditt-ansvar\/","title":{"rendered":"Delaktighet i din egen v\u00e5rd \u2013 och ditt ansvar"},"content":{"rendered":"\n<p>Trots att du \u00e4r inl\u00e5st och d\u00f6md till r\u00e4ttspsykiatrisk v\u00e5rd, vilket inneb\u00e4r att andra best\u00e4mmer \u00f6ver dig och ditt liv, s\u00e5 finns det olika m\u00f6jligheter f\u00f6r dig till inflytande \u00f6ver din egen process i v\u00e5rden.<\/p>\n\n\n\n<p>Vi uppmanar dig att verkligen ta dessa m\u00f6jligheter\n\u00e4ven fast de kanske kan k\u00e4nnas futtiga i det stora hela. Det \u00e4r viktigt att du\nb\u00f6rjar ta sm\u00e5 steg f\u00f6r att n\u00e5 ditt m\u00e5l.<\/p>\n\n\n\n<p>Det du g\u00f6r med ditt liv i r\u00e4ttspsykiatrin spelar\nen avg\u00f6rande roll. Vi k\u00e4nner till en\nhel del patienter som blivit kvar i r\u00e4ttspsykiatrin i flera \u00e5r eftersom de av\nolika sk\u00e4l, inte velat eller kunnat, g\u00f6ra sig delaktiga i sin egen process.<\/p>\n\n\n\n<h2 class=\"wp-block-heading\">Lite om att vara delaktig och att m\u00e5 b\u00e4ttre<\/h2>\n\n\n\n<p>Alla m\u00e4nniskor m\u00e5r bra av att f\u00f6rst\u00e5 sitt liv och sin tillvaro. M\u00e5nga av oss patienter vill att sjukhusets ledning ber\u00e4ttar om kriterierna f\u00f6r utskrivning \u2013 ett exempel p\u00e5 att vi vill f\u00f6rst\u00e5 v\u00e5r situation. N\u00e4r vi vet hur vi kan ta oss h\u00e4rifr\u00e5n \u00e4r det enklare att f\u00f6rst\u00e5 vad som kr\u00e4vs av oss och f\u00f6rst\u00e5 varf\u00f6r personalen g\u00f6r som de g\u00f6r. Vi kan p\u00e5verka mer sj\u00e4lva. Vi k\u00e4nner att vi f\u00e5r mer kontroll och ansvar. Det h\u00e4r ger ofta livet mer mening n\u00e4r vi k\u00e4nner oss delaktiga och kan vara med och best\u00e4mma.<\/p>\n\n\n\n<h2 class=\"wp-block-heading\">V\u00e5rdplan och din egen vilja och r\u00f6st<\/h2>\n\n\n\n<p>Alla patienter har en v\u00e5rdplan. Den ber\u00e4ttar om din h\u00e4lsa och sjukdom och m\u00e5len som v\u00e5rden ska n\u00e5. Du har r\u00e4tt att vara med och planera din egen v\u00e5rd tillsammans med din l\u00e4kare, KP, arbetsterapeut, psykolog osv. B\u00e4st resultat kommer s\u00e5klart om du som patient \u00e4r med och tycker och t\u00e4nker vad som ska ske med dig, \u00e4n om alla andra fattar alla beslut. Ett av m\u00e5len med r\u00e4ttspsykiatrisk v\u00e5rd \u00e4r att du ska ta tillbaka ansvar \u00f6ver ditt liv.<\/p>\n\n\n\n<p>Men du m\u00e5ste f\u00f6rs\u00f6ka ha vettiga tankar och st\u00e4lla rimliga krav. F\u00f6r att du ska kunna vara med och best\u00e4mma i verkligheten hj\u00e4lper det om du har insikt i dina problem och f\u00f6rst\u00e5else f\u00f6r att du beh\u00f6ver v\u00e5rd. D\u00e5 har du och v\u00e5rdteamet en grund att arbeta fr\u00e5n. Annars blir det mycket sv\u00e5rare att komma \u00f6verens om v\u00e5rden. Och troligen kommer l\u00e4karna och personalen att best\u00e4mma mer utan dig. <\/p>\n\n\n\n<p class=\"has-background\" style=\"background-color:#fff7fe\"><strong>Lagar om patientmakt <\/strong><br><strong><em>H\u00e4lso- och sjukv\u00e5rdslagen <\/em><\/strong>s\u00e4ger att v\u00e5rden ska bygga p\u00e5 respekt f\u00f6r patientens sj\u00e4lvbest\u00e4mmande och integritet. Dvs v\u00e5rden ska ta h\u00e4nsyn till vad du vill och vad du tycker.<br><strong><em>Patientlagen <\/em><\/strong>ger dig som patient m\u00f6jlighet att v\u00e4lja det alternativ som du f\u00f6redrar n\u00e4r det finns flera behandlingsalternativ som st\u00e5r i \u00f6verensst\u00e4mmelse med vetenskap och bepr\u00f6vad erfarenhet. S\u00e5 lagen ger klart och tydligt patienter i vissa l\u00e4gen ett starkt skydd f\u00f6r att v\u00e5r r\u00f6st och vilja h\u00f6rs. <\/p>\n\n\n\n<p>Psykiatrisk tv\u00e5ngsv\u00e5rd beror p\u00e5 att du har nedsatt f\u00f6rm\u00e5ga vilket g\u00f6r att l\u00e4karen och annan v\u00e5rdpersonal har\nr\u00e4tt att best\u00e4mma din v\u00e5rd i h\u00f6gre utstr\u00e4ckning.<\/p>\n\n\n\n<p>Vi har allts\u00e5 inte lika mycket att s\u00e4ga till om som en \u201dvanlig\u201d patient. L\u00e4karen kan t.ex. ofta best\u00e4mma att vi m\u00e5ste tamediciner, vad vi ska \u00e4ta, och senare att vi ska bo p\u00e5 ett HVB- hem och att vi m\u00e5ste ha en syssels\u00e4ttning. Men trots att l\u00e4karen har mycket makt kan vi patienter \u00e4nd\u00e5 vara med och best\u00e4mma om v\u00e5r v\u00e5rd. <\/p>\n\n\n\n<p>Det \u00e4r allts\u00e5 inte helt enkelt att bli fullt delaktig i r\u00e4ttspsykiatrin och vi alla m\u00f6ter hinder och problem. Vi m\u00e5ste vilja best\u00e4mma \u00f6ver v\u00e5ra liv. Vi m\u00e5ste v\u00e5ga ta kliv mot v\u00e5ra m\u00e5l. Vandra p\u00e5 stigen. Vissa av oss har enklare att klara av det h\u00e4r medan andra av oss beh\u00f6ver mer st\u00f6d och hj\u00e4lp fr\u00e5n personalen. \u00c5ngest, panik och r\u00e4dsla \u00e4r n\u00e5gra vanliga problem. Det s\u00e4tter krokben eftersom det \u00e4r sv\u00e5rt att f\u00f6rst\u00e5 sin situation, l\u00e4ra sig nya saker och l\u00f6sa problem. N\u00e4r t.ex. \u00e5ngest minskar, m\u00e5r vi b\u00e4ttre och k\u00e4nner oss trygga. <\/p>\n\n\n\n<h2 class=\"wp-block-heading\">Exempel p\u00e5 gott eget inflytande<\/h2>\n\n\n\n<p>Praktiskt kan det g\u00e5 till s\u00e5 att du, l\u00e4karen, dina KP och annan personal tittar p\u00e5 saker som du tidigare har haft sv\u00e5rt f\u00f6r eller saker som du vill bli b\u00e4ttre p\u00e5. Eller saker som personalen tycker att du beh\u00f6ver bli b\u00e4ttre p\u00e5. Tillsammans pratar ni om vad du har f\u00f6r \u00f6nskem\u00e5l. Hur du vill att det ska se ut i framtiden och hur du kan n\u00e5 dina m\u00e5l. <\/p>\n\n\n\n<p>Personalen tycker ocks\u00e5 till och ber\u00e4ttar om sina tankar och talar om sina id\u00e9er. F\u00f6rhoppningsvis kommer ni \u00f6verens om n\u00e5gra m\u00e5l.<\/p>\n\n\n\n<p>Sen genomf\u00f6rs planen. Det kan t.ex.\nvara att pr\u00f6va nya metoder f\u00f6r att f\u00f6rs\u00f6ka l\u00f6sa problem som tidigare\nvarit sv\u00e5ra.<\/p>\n\n\n\n<p>Efter en tid pratar ni igen om hur det har g\u00e5tt.\nHar du nu l\u00e4ttare f\u00f6r det som f\u00f6rut var lite sv\u00e5rt? Har du l\u00e4rt dig nya s\u00e4tt\natt t\u00e4nka och kan l\u00f6sa problemet?<\/p>\n","protected":false},"excerpt":{"rendered":"<p>Trots att du \u00e4r inl\u00e5st och d\u00f6md till r\u00e4ttspsykiatrisk v\u00e5rd, vilket inneb\u00e4r att andra best\u00e4mmer \u00f6ver dig och ditt liv, s\u00e5 finns det olika m\u00f6jligheter f\u00f6r dig till inflytande \u00f6ver din egen process i v\u00e5rden.<\/p>\n","protected":false},"author":1,"featured_media":0,"parent":1069,"menu_order":0,"comment_status":"closed","ping_status":"closed","template":"","meta":{"_acf_changed":false,"footnotes":""},"class_list":["post-1072","page","type-page","status-publish","hentry"],"acf":[],"_links":{"self":[{"href":"https:\/\/par.equalsthlm.se\/index.php\/wp-json\/wp\/v2\/pages\/1072","targetHints":{"allow":["GET"]}}],"collection":[{"href":"https:\/\/par.equalsthlm.se\/index.php\/wp-json\/wp\/v2\/pages"}],"about":[{"href":"https:\/\/par.equalsthlm.se\/index.php\/wp-json\/wp\/v2\/types\/page"}],"author":[{"embeddable":true,"href":"https:\/\/par.equalsthlm.se\/index.php\/wp-json\/wp\/v2\/users\/1"}],"replies":[{"embeddable":true,"href":"https:\/\/par.equalsthlm.se\/index.php\/wp-json\/wp\/v2\/comments?post=1072"}],"version-history":[{"count":4,"href":"https:\/\/par.equalsthlm.se\/index.php\/wp-json\/wp\/v2\/pages\/1072\/revisions"}],"predecessor-version":[{"id":1108,"href":"https:\/\/par.equalsthlm.se\/index.php\/wp-json\/wp\/v2\/pages\/1072\/revisions\/1108"}],"up":[{"embeddable":true,"href":"https:\/\/par.equalsthlm.se\/index.php\/wp-json\/wp\/v2\/pages\/1069"}],"wp:attachment":[{"href":"https:\/\/par.equalsthlm.se\/index.php\/wp-json\/wp\/v2\/media?parent=1072"}],"curies":[{"name":"wp","href":"https:\/\/api.w.org\/{rel}","templated":true}]}}