{"id":1080,"date":"2019-01-10T10:54:50","date_gmt":"2019-01-10T10:54:50","guid":{"rendered":"http:\/\/www.riksforeningenpar.se\/?p=229"},"modified":"2026-04-09T20:15:43","modified_gmt":"2026-04-09T20:15:43","slug":"utskrivning-fran-rattspsykiatrin","status":"publish","type":"page","link":"https:\/\/par.equalsthlm.se\/index.php\/att-vara-patient-i-rattspsykiatrin\/utskrivning-fran-rattspsykiatrin\/","title":{"rendered":"Utskrivning fr\u00e5n r\u00e4ttspsykiatrin"},"content":{"rendered":"\n<p>N\u00e4r l\u00e4karen tycker att du \u00e4r redo f\u00f6r \u00f6ppenv\u00e5rd h\u00e5lls ett s\u00e5 kallat samr\u00e5dsm\u00f6te. P\u00e5 samr\u00e5dsm\u00f6tet deltar socialen fr\u00e5n din hemkommun och n\u00e5gon fr\u00e5n ditt hemlandsting. Anledningen \u00e4r att du, l\u00e4karen och de andra ska komma \u00f6verens om hur ditt liv ska se ut. Kommunen ska hj\u00e4lpa dig med ett boende, syssels\u00e4ttning och andra st\u00f6dinsatser. Vanligen har du kontakt med en \u00f6ppenv\u00e5rdsmottagning som drivs av landstinget.<\/p>\n\n\n\n<h2 class=\"wp-block-heading\">N\u00e4r utskrivningen k\u00e4rvar. Vad kan du g\u00f6ra?<\/h2>\n\n\n\n<p>Utskrivning fr\u00e5n den slutna r\u00e4ttspsykiatrin till \u00f6ppenv\u00e5rden fungerar tyv\u00e4rr ofta d\u00e5ligt. Varje \u00e5r \u00e4r mer \u00e4n 10% av patienterna i sluten r\u00e4ttspsykiatri f\u00e4rdigbehandlade. Men pga att det inte finns en \u00f6ppenv\u00e5rdsplan kan patienter inte bli utskrivna. Det handlar ofta om att socialtj\u00e4nsten inte beviljar en bostad -t.ex. en plats p\u00e5 ett HVB-hem eller en egen l\u00e4genhet. Kommunen vill ibland att landstinget ska vara med och betala f\u00f6r en plats p\u00e5 ett HVB-hem.<\/p>\n\n\n\n<p>Tyv\u00e4rr \u00e4r det inte glasklart att kommunen ska betala hela kostnaden i alla l\u00e4gen. \u00c4ven n\u00e4r allt funkar bra tar det oftast 5 \u2013 8 m\u00e5nader f\u00f6r en utskrivning. <\/p>\n\n\n\n<p>Om\nkommunen inte deltar i planeringen eller hemlandstinget inte vill dela p\u00e5\nkostnader kan det ta betydligt l\u00e4ngre tid.<\/p>\n\n\n\n<p>Det\nt\u00e4r p\u00e5 psyket att vara kvar i\nslutenv\u00e5rden n\u00e4r man \u00e4r f\u00e4rdigv\u00e5rdad. Man har\ns\u00e5 m\u00e5nga begr\u00e4nsningar. Det \u00e4r en kr\u00e4nkning av ens r\u00e4ttigheter.&nbsp; Det \u00e4r en v\u00e4ldigt sv\u00e5r situation och man \u00e4r ocks\u00e5 ganska maktl\u00f6s.<\/p>\n\n\n\n<p>M\u00e5nga patienter f\u00e5r allvarlig \u00e5ngest av att bli kvar p\u00e5 en avdelning under l\u00e5ng tid n\u00e4r det saknas behov. Ibland tycker l\u00e4karen att patienten har blivit s\u00e5 pass sjuk igen att utskrivning m\u00e5ste skjutas upp. I vissa fall kan PAR hj\u00e4lpa till att ligga p\u00e5 landsting och kommun. Fr\u00e5gan \u00e4r hur man ska hantera de h\u00e4r problemen? Det finns inga enkla svar. Det \u00e4r jobbigt n\u00e4r det blir s\u00e5 h\u00e4r.<\/p>\n\n\n\n<p>Vi i PAR menar att det \u00e4r den patientansvariga l\u00e4karen eller kuratorn som borde fajtas ordentligt f\u00f6r patienter som hamnar i en s\u00e5dan h\u00e4r situation, men v\u00e5r erfarenhet \u00e4r att kliniken ofta v\u00e4rdes\u00e4tter en god relation med kommuner och andra landsting hellre \u00e4n att man br\u00e5kar. <\/p>\n\n\n\n<p>Det finns tyv\u00e4rr ingen instans eller f\u00f6rening som\nhj\u00e4lper patienter som hamnar i en\ns\u00e5dan h\u00e4r situation.<\/p>\n\n\n\n<p>Som patient eller anh\u00f6rig kan du p\u00e5verka situationen genom att:<br><strong><em>-\u00f6verklaga beslut <\/em><\/strong>fr\u00e5m socialtj\u00e4nsten i f\u00f6rvaltningsr\u00e4tten. <br><strong><em>-g\u00f6ra anm\u00e4lningar <\/em><\/strong>till IVO.<\/p>\n\n\n\n<p>Ligg\np\u00e5 den aktuella socialtj\u00e4nsten och i sista hand g\u00e5 till media.<\/p>\n\n\n\n<p>Statistiken \u00f6ver friskf\u00f6rklarade ofarliga patienter som h\u00e5lls inl\u00e5sta redovisas \u00f6ppet utan att n\u00e5got tal om r\u00e4ttsskandal eller liknande h\u00f6rs i media. Vi i PAR menar att det \u00c4R en r\u00e4ttsskandal och att det s\u00e4ger en del om r\u00e4ttspsykpatienters r\u00e4ttsliga st\u00e4llning och medborgerliga status i v\u00e5rt samh\u00e4lle. <\/p>\n\n\n\n<p>Goda r\u00e5d \u00e4r dyra n\u00e4r den h\u00e4r situationen intr\u00e4ffar f\u00f6r hur st\u00e5r man ut i v\u00e5rden n\u00e4r man inte l\u00e4ngre beh\u00f6ver v\u00e5rd. Man f\u00e5r f\u00f6rs\u00f6ka b\u00e4st man kan att h\u00e5lla modet uppe och forts\u00e4tta att k\u00e4mpa f\u00f6r att komma ut. F\u00f6r att slippa k\u00e4nna sig ensam och deprimerad \u00e4r det viktigt att prata och umg\u00e5s med m\u00e4nniskor. <\/p>\n","protected":false},"excerpt":{"rendered":"<p>N\u00e4r l\u00e4karen tycker att du \u00e4r redo f\u00f6r \u00f6ppenv\u00e5rd h\u00e5lls ett s\u00e5 kallat samr\u00e5dsm\u00f6te. P\u00e5 samr\u00e5dsm\u00f6tet deltar socialen fr\u00e5n din hemkommun och n\u00e5gon fr\u00e5n ditt hemlandsting.<\/p>\n","protected":false},"author":1,"featured_media":0,"parent":1069,"menu_order":0,"comment_status":"closed","ping_status":"closed","template":"","meta":{"_acf_changed":false,"footnotes":""},"class_list":["post-1080","page","type-page","status-publish","hentry"],"acf":[],"_links":{"self":[{"href":"https:\/\/par.equalsthlm.se\/index.php\/wp-json\/wp\/v2\/pages\/1080","targetHints":{"allow":["GET"]}}],"collection":[{"href":"https:\/\/par.equalsthlm.se\/index.php\/wp-json\/wp\/v2\/pages"}],"about":[{"href":"https:\/\/par.equalsthlm.se\/index.php\/wp-json\/wp\/v2\/types\/page"}],"author":[{"embeddable":true,"href":"https:\/\/par.equalsthlm.se\/index.php\/wp-json\/wp\/v2\/users\/1"}],"replies":[{"embeddable":true,"href":"https:\/\/par.equalsthlm.se\/index.php\/wp-json\/wp\/v2\/comments?post=1080"}],"version-history":[{"count":2,"href":"https:\/\/par.equalsthlm.se\/index.php\/wp-json\/wp\/v2\/pages\/1080\/revisions"}],"predecessor-version":[{"id":1118,"href":"https:\/\/par.equalsthlm.se\/index.php\/wp-json\/wp\/v2\/pages\/1080\/revisions\/1118"}],"up":[{"embeddable":true,"href":"https:\/\/par.equalsthlm.se\/index.php\/wp-json\/wp\/v2\/pages\/1069"}],"wp:attachment":[{"href":"https:\/\/par.equalsthlm.se\/index.php\/wp-json\/wp\/v2\/media?parent=1080"}],"curies":[{"name":"wp","href":"https:\/\/api.w.org\/{rel}","templated":true}]}}