{"id":1086,"date":"2019-01-10T16:29:47","date_gmt":"2019-01-10T16:29:47","guid":{"rendered":"http:\/\/www.riksforeningenpar.se\/?p=364"},"modified":"2026-04-09T20:10:35","modified_gmt":"2026-04-09T20:10:35","slug":"patient-rattspsykiatrisk-undersokning-rpu","status":"publish","type":"page","link":"https:\/\/par.equalsthlm.se\/index.php\/att-vara-patient-i-rattspsykiatrin\/patient-rattspsykiatrisk-undersokning-rpu\/","title":{"rendered":"Patient R\u00e4ttspsykiatrisk unders\u00f6kning (RPU):"},"content":{"rendered":"\n<p>En f\u00f6ruts\u00e4ttning f\u00f6r att r\u00e4tten ska kunna d\u00f6ma en g\u00e4rningsman till r\u00e4ttspsykiatrisk v\u00e5rd \u00e4r att han eller hon har genomg\u00e5tt en RPU, d\u00e4r man fastst\u00e4llt att personen i fr\u00e5ga lider av en allvarlig psykisk st\u00f6rning. En r\u00e4ttspsykiatrisk unders\u00f6kning genomf\u00f6rs av ett team som best\u00e5r av l\u00e4kare (r\u00e4ttspsykiater), psykolog, socialutredare (socionom) och omv\u00e5rdnadspersonal. F\u00f6r en h\u00e4ktad person tar unders\u00f6kningen fyra veckor och sex veckor f\u00f6r den som \u00e4r p\u00e5 fri fot.<\/p>\n\n\n\n<h2 class=\"wp-block-heading\"><strong>Allvarlig psykisk\nst\u00f6rning<\/strong><\/h2>\n\n\n\n<p>Det finns fyra grupper av personer som, om deras symptom \u00e4r\ntillr\u00e4ckligt sv\u00e5ra, betraktas som allvarligt psykiskt st\u00f6rda:<\/p>\n\n\n\n<p>1. Personer med psykoser eller psykosliknande tillst\u00e5nd, det\nvill s\u00e4ga m\u00e4nniskor som p\u00e5 grund av hallucinationer, vanf\u00f6rest\u00e4llningar eller\nf\u00f6rvirring har en v\u00e4ldigt avvikande verklighetsuppfattning. Typfallet \u00e4r n\u00e5gon\nmed schizofreni eller bipol\u00e4r sjukdom.<\/p>\n\n\n\n<p>2. Allvarligt deprimerade, sj\u00e4lvmordsben\u00e4gna personer.<\/p>\n\n\n\n<p>3. Personlighetsst\u00f6rda personer med psykosgenombrott eller\nmed ett starkt tv\u00e5ngsm\u00e4ssigt beteende, exempelvis kleptomani, pyromani eller\nvissa former av pedofili.<\/p>\n\n\n\n<p>4. En bred &#8220;restgrupp&#8221;, d\u00e4r gravt\nutvecklingsst\u00f6rda, sv\u00e5rt hj\u00e4rnskadade och mycket dementa patienter ing\u00e5r.<\/p>\n\n\n\n<p>Grovt sett kan man s\u00e4ga att det handlar om personer som\nantingen har en verklighetsupplevelse som till stor del \u00e4r styrd av sjukdomen i\nst\u00e4llet f\u00f6r av yttre faktorer, eller \u00e4r s\u00e5 tv\u00e5ngsm\u00e4ssiga att trots att de f\u00f6rst\u00e5r\nvad de g\u00f6r inte kan r\u00e4tta sitt handlande efter det. \u00d6ver 95 % av dem som g\u00f6r en\nRPU bed\u00f6ms ha n\u00e5gon form av psykisk st\u00f6rning. Men bara h\u00e4lften bed\u00f6ms ha en\nallvarlig psykisk st\u00f6rning i enlighet med lagen.<\/p>\n\n\n\n<h2 class=\"wp-block-heading\"><strong>Ingen exakt vetenskap<\/strong><\/h2>\n\n\n\n<p>Ett problem \u00e4r att det inte alltid \u00e4r s\u00e5 l\u00e4tt att s\u00e4tta gr\u00e4nsen mellan vem som \u00e4r allvarligt psykiskt st\u00f6rd och inte. R\u00e4ttspsykiatrer kan bed\u00f6ma samma fall olika. D\u00e4rf\u00f6r d\u00f6ms vissa personer till v\u00e5rd medan andra d\u00f6ms till f\u00e4ngelse trots att de har liknande st\u00f6rningar. Dessutom f\u00f6r\u00e4ndras bed\u00f6mningar \u00f6ver \u00e5ren.<\/p>\n\n\n\n<h2 class=\"wp-block-heading\"><strong>L\u00e5ngvarigt missbruk eller psykisk st\u00f6rning?<\/strong><\/h2>\n\n\n\n<p>Ett annat problem \u00e4r att m\u00e5nga som g\u00f6r en RPU har missbrukat alkohol eller droger under en l\u00e4ngre tid. Dels p\u00e5verkar missbruket hj\u00e4rnan och dels kan personen f\u00e5 kraftiga abstinens. B\u00e5da dessa omst\u00e4ndigheter g\u00f6r s\u00e5 att personen inte klarar av testerna RPU:n lika bra som de annars hade gjort. Och en del personer f\u00e5r psykiatriska diagnoser, fr\u00e4mst olika psykosdiagnoser, pga missbruket.<\/p>\n\n\n\n<h2 class=\"wp-block-heading\"><strong>Granskning av R\u00e4ttsliga r\u00e5det<\/strong><\/h2>\n\n\n\n<p>Om domstolen eller n\u00e5gon av parterna i r\u00e4ttsprocessen \u00e4r missn\u00f6jd med den r\u00e4ttspsykiatriska unders\u00f6kningen finns m\u00f6jlighet att beg\u00e4ra en granskning av R\u00e4ttsliga r\u00e5det (Socialstyrelsens r\u00e5d f\u00f6r vissa r\u00e4ttsliga, sociala och medicinska fr\u00e5gor). De granskar d\u00e5 den befintliga dokumentationen och g\u00f6r ibland nya intervjuer. R\u00e4ttsliga r\u00e5det granskar dock bara ett tiotal fall varje \u00e5r, utav ca: 550 RPU:n som sker \u00e5rligen. <\/p>\n","protected":false},"excerpt":{"rendered":"<p>En f\u00f6ruts\u00e4ttning f\u00f6r att r\u00e4tten ska kunna d\u00f6ma en g\u00e4rningsman till r\u00e4ttspsykiatrisk v\u00e5rd \u00e4r att han eller hon har genomg\u00e5tt en RPU, d\u00e4r man fastst\u00e4llt att personen i fr\u00e5ga lider av en allvarlig psykisk st\u00f6rning. <\/p>\n","protected":false},"author":1,"featured_media":0,"parent":1069,"menu_order":0,"comment_status":"closed","ping_status":"closed","template":"","meta":{"_acf_changed":false,"footnotes":""},"class_list":["post-1086","page","type-page","status-publish","hentry"],"acf":[],"_links":{"self":[{"href":"https:\/\/par.equalsthlm.se\/index.php\/wp-json\/wp\/v2\/pages\/1086","targetHints":{"allow":["GET"]}}],"collection":[{"href":"https:\/\/par.equalsthlm.se\/index.php\/wp-json\/wp\/v2\/pages"}],"about":[{"href":"https:\/\/par.equalsthlm.se\/index.php\/wp-json\/wp\/v2\/types\/page"}],"author":[{"embeddable":true,"href":"https:\/\/par.equalsthlm.se\/index.php\/wp-json\/wp\/v2\/users\/1"}],"replies":[{"embeddable":true,"href":"https:\/\/par.equalsthlm.se\/index.php\/wp-json\/wp\/v2\/comments?post=1086"}],"version-history":[{"count":2,"href":"https:\/\/par.equalsthlm.se\/index.php\/wp-json\/wp\/v2\/pages\/1086\/revisions"}],"predecessor-version":[{"id":1111,"href":"https:\/\/par.equalsthlm.se\/index.php\/wp-json\/wp\/v2\/pages\/1086\/revisions\/1111"}],"up":[{"embeddable":true,"href":"https:\/\/par.equalsthlm.se\/index.php\/wp-json\/wp\/v2\/pages\/1069"}],"wp:attachment":[{"href":"https:\/\/par.equalsthlm.se\/index.php\/wp-json\/wp\/v2\/media?parent=1086"}],"curies":[{"name":"wp","href":"https:\/\/api.w.org\/{rel}","templated":true}]}}