{"id":1087,"date":"2019-01-10T08:02:32","date_gmt":"2019-01-10T08:02:32","guid":{"rendered":"http:\/\/www.riksforeningenpar.se\/?p=373"},"modified":"2026-04-09T20:12:57","modified_gmt":"2026-04-09T20:12:57","slug":"brukare-och-patientinflytande","status":"publish","type":"page","link":"https:\/\/par.equalsthlm.se\/index.php\/att-vara-patient-i-rattspsykiatrin\/brukare-och-patientinflytande\/","title":{"rendered":"Brukare och patientinflytande"},"content":{"rendered":"\n<p>Den officiella definitionen av brukarinflytande \u00e4r \u201dmedborgarnas m\u00f6jligheter, att som anv\u00e4ndare av offentlig service, kunna p\u00e5verka tj\u00e4nsternas utformning och kvalitet\u201d (Civildepartementet, 1991).<br>Anh\u00f6riga \u00e4r per definition inte brukare men enligt lagstiftningen har anh\u00f6riga till \u00e4ldre och funktionshindrade genom sina organisationer r\u00e4tt till ett visst inflytande. Individens r\u00e4tt till inflytande \u00f6ver de insatser han\/hon blir f\u00f6rem\u00e5l f\u00f6r finns inskrivet i b\u00e5de socialtj\u00e4nstlagen och h\u00e4lso- och sjukv\u00e5rdslagen. D\u00e4r sl\u00e5s fast att verksamheterna ska bygga p\u00e5 m\u00e4nniskors sj\u00e4lvbest\u00e4mmande och integritet samt utformas och bedrivas tillsammans med den enskilde. Man har ocks\u00e5 r\u00e4tt till brukarinflytande i privatdriven v\u00e5rd som upphandlas av kommuner eller landsting, det vill s\u00e4ga \u00e4r allm\u00e4nt finansierad.<\/p>\n\n\n\n<h2 class=\"wp-block-heading\">Olika niv\u00e5er av inflytande<\/h2>\n\n\n\n<p><strong>Klient- och patientinflytande kan ske p\u00e5 olika niv\u00e5er: individuellt inflytande, inflytande p\u00e5 verksamhetsniv\u00e5 eller inflytande p\u00e5 organisations- eller systemniv\u00e5. Det inneb\u00e4r f\u00f6ljande:<\/strong><\/p>\n\n\n\n<ol class=\"wp-block-list\">\n<li>Den enskildes m\u00f6jlighet att p\u00e5verka sin livssituation, den v\u00e5rd och<br>     det sociala st\u00f6d han eller hon f\u00e5r \u00e4r ett s\u00e5 kallat individuellt<br>     inflytande eller individuell medverkan.<\/li>\n\n\n\n<li>Inflytande p\u00e5 verksamheten inneb\u00e4r m\u00f6jlighet till medverkan i<br>     utveckling och beslut p\u00e5 verksamhetsniv\u00e5.<\/li>\n\n\n\n<li>Medverkan p\u00e5 organisations- eller systemniv\u00e5 \u00e4r exempelvis politiskt<br>     inflytande och p\u00e5verkan eller medverkan n\u00e4r det g\u00e4ller att ta fram policyprogram.<br>     Det \u00e4r oftast riksniv\u00e5n av brukar- eller anh\u00f6rigorganisationer som<br>     medverkar eller ut\u00f6var inflytande p\u00e5 det s\u00e4ttet.<\/li>\n<\/ol>\n\n\n\n<p>PAR har som m\u00e5l att vara aktiva p\u00e5 varje niv\u00e5 och att f\u00f6rs\u00f6ka \u00f6ka patienters och anh\u00f6rigas inflytande p\u00e5 de s\u00e4tt vi kan komma p\u00e5.<\/p>\n\n\n\n<h2 class=\"wp-block-heading\">F\u00f6rdelar med brukar- och patientinflytande<\/h2>\n\n\n\n<p><strong>Det finns f\u00f6rdelar med brukar- och patientinflytande.\nN\u00e5gra \u00e4r f\u00f6ljande:<\/strong><\/p>\n\n\n\n<ul class=\"wp-block-list\">\n<li>De som beslutar om eller utf\u00f6r v\u00e5rden och omsorgen f\u00e5r mer kunskap om m\u00e5lgruppernas behov och erfarenheter. Det ger b\u00e4ttre kvalitet och b\u00e4ttre service.<\/li>\n\n\n\n<li>Det \u00e4r mer effektivt att utg\u00e5 fr\u00e5n m\u00e5lgruppens faktiska behov \u00e4n att utg\u00e5 fr\u00e5n behov tolkade av andra \u00e4n m\u00e5lgrupperna sj\u00e4lva.<\/li>\n\n\n\n<li>Brukar- och patientinflytande j\u00e4mnar ut maktbalansen mellan de akt\u00f6rer som beslutar eller utf\u00f6r v\u00e5rd eller insatser, och de personer som f\u00e5r v\u00e5rden eller insatserna.<\/li>\n\n\n\n<li>M\u00f6jligheten till inflytande k\u00e4nnetecknar en demokrati. I Sverige har vi tydligt tagit st\u00e4llning f\u00f6r en demokrati som bygger p\u00e5 att m\u00e4nniskor ska kunna p\u00e5verka de offentliga verksamheter de anv\u00e4nder.<\/li>\n<\/ul>\n\n\n\n<h2 class=\"wp-block-heading\">Metoder f\u00f6r brukarinflytande<\/h2>\n\n\n\n<p>Det har g\u00e5tt lite mode i olika metoder f\u00f6r brukarinflytande. Just nu \u00e4r\nbrukarrevision s\u00e4rskilt \u201dhot\u201d. Men en brukarrevision betyder inte s\u00e4rskilt\nmycket om det inte finns ett brukarr\u00e5d p\u00e5 en avdelning som kan driva fram\nf\u00f6r\u00e4ndringar i verksamheten byggda p\u00e5 resultaten fr\u00e5n brukarrevisionen. Vi\nmenar att ett brukar\/patientr\u00e5d p\u00e5 verksamhetsniv\u00e5 ofta \u00e4r grunden f\u00f6r\ninflytande p\u00e5 b\u00e5de individ- och systemniv\u00e5.<\/p>\n\n\n\n<h2 class=\"wp-block-heading\">R\u00e5d p\u00e5 verksamhetsniv\u00e5 grunden<\/h2>\n\n\n\n<p>Patienterna p\u00e5 en avdelning eller en klinik kan till exempel vara med och best\u00e4mma om den dagliga verksamheten. Man kan ocks\u00e5 sitta som brukarrepresentant i styrgruppen f\u00f6r en institution eller behandlingsverksamhet.<\/p>\n\n\n\n<p>F\u00f6r att l\u00e5ngsiktiga och \u00f6vergripande f\u00f6r\u00e4ndringar ska komma till st\u00e5nd \u00e4r\nbrukarinflytande p\u00e5 systemniv\u00e5 av avg\u00f6rande betydelse. Brukarna har unika\nerfarenheter som beslutsfattande politiker och tj\u00e4nstem\u00e4n saknar. Genom\nbrukarr\u00e5d och samr\u00e5dsgrupper kan man i b\u00e4sta fall f\u00e5 politiker och tj\u00e4nstem\u00e4n\natt lyssna och ta h\u00e4nsyn till brukarnas intressen redan n\u00e4r v\u00e5rden planeras,\nunder tiden som den utf\u00f6rs och n\u00e4r den f\u00f6ljs upp och utv\u00e4rderas.<\/p>\n\n\n\n<h2 class=\"wp-block-heading\">Att vara representant<\/h2>\n\n\n\n<p>Rollen som representant i ett patient eller brukarr\u00e5d inneb\u00e4r att man kan uts\u00e4ttas f\u00f6r stora p\u00e5frestningar i det sp\u00e4nningsf\u00e4lt som ofta finns mellan beslutsfattare och brukare. Alla medlemmar i en patientgrupp eller brukarorganisation har inte kapacitet och kraft att klara den typen av p\u00e5frestningar. Det inneb\u00e4r att behovet av utbildning och st\u00f6d \u00e4r stort. Det \u00e4r viktigt att man som brukarrepresentant har kunskap och erfarenhet av att sitta i ett r\u00e5d p\u00e5 verksamhetsniv\u00e5. Har man inte tillr\u00e4ckligt med det och dessutom skinn p\u00e5 n\u00e4san blir man l\u00e4tt bortkollrad och bortdribblad.<\/p>\n\n\n\n<h2 class=\"wp-block-heading\">Former f\u00f6r brukarinflytande<\/h2>\n\n\n\n<p>I verksamheter inom omr\u00e5det psykisk oh\u00e4lsa finns det flera olika metoder f\u00f6r brukarinflytande och medverkan. Det \u00e4r metoder b\u00e5de p\u00e5 individ- och verksamhetsniv\u00e5.<\/p>\n\n\n\n<p><strong>N\u00e5gra exempel \u00e4r:<\/strong><\/p>\n\n\n\n<ul class=\"wp-block-list\">\n<li>Shared Decision Making, SDM, eller delat beslutsfattande. SDM kan bland annat inneh\u00e5lla olika verktyg f\u00f6r att underl\u00e4tta deltagande i beslutsfattandet f\u00f6r brukaren. Verktygen \u00e4r utformade f\u00f6r att hj\u00e4lpa den enskilde att f\u00f6rst\u00e5 olika alternativ och kunna v\u00e4ga f\u00f6rdelar och nackdelar mot varandra.<\/li>\n\n\n\n<li>Brukarrevision \u00e4r en oberoende och systematisk unders\u00f6kning av en verksamhet som utf\u00f6rs av personer som har varit brukare, patienter eller anh\u00f6riga i en likartad verksamhet. En brukarrevision kan g\u00f6ras genom samtal, intervjuer eller enk\u00e4ter med anh\u00f6riga, brukare eller patienter i verksamheten och personalen som jobbar d\u00e4r. Resultatet presenteras i en rapport.<\/li>\n\n\n\n<li>Utbildningar f\u00f6r personal som m\u00f6ter personer med psykisk oh\u00e4lsa i sitt arbete d\u00e4r personer med egen erfarenhet av psykisk oh\u00e4lsa fungerar som l\u00e4rare.<\/li>\n<\/ul>\n","protected":false},"excerpt":{"rendered":"<p>Den officiella definitionen av brukarinflytande \u00e4r \u201dmedborgarnas m\u00f6jligheter, att som anv\u00e4ndare av offentlig service, kunna p\u00e5verka tj\u00e4nsternas utformning och kvalitet\u201d (Civildepartementet, 1991).<\/p>\n","protected":false},"author":1,"featured_media":0,"parent":1069,"menu_order":0,"comment_status":"closed","ping_status":"closed","template":"","meta":{"_acf_changed":false,"footnotes":""},"class_list":["post-1087","page","type-page","status-publish","hentry"],"acf":[],"_links":{"self":[{"href":"https:\/\/par.equalsthlm.se\/index.php\/wp-json\/wp\/v2\/pages\/1087","targetHints":{"allow":["GET"]}}],"collection":[{"href":"https:\/\/par.equalsthlm.se\/index.php\/wp-json\/wp\/v2\/pages"}],"about":[{"href":"https:\/\/par.equalsthlm.se\/index.php\/wp-json\/wp\/v2\/types\/page"}],"author":[{"embeddable":true,"href":"https:\/\/par.equalsthlm.se\/index.php\/wp-json\/wp\/v2\/users\/1"}],"replies":[{"embeddable":true,"href":"https:\/\/par.equalsthlm.se\/index.php\/wp-json\/wp\/v2\/comments?post=1087"}],"version-history":[{"count":4,"href":"https:\/\/par.equalsthlm.se\/index.php\/wp-json\/wp\/v2\/pages\/1087\/revisions"}],"predecessor-version":[{"id":1115,"href":"https:\/\/par.equalsthlm.se\/index.php\/wp-json\/wp\/v2\/pages\/1087\/revisions\/1115"}],"up":[{"embeddable":true,"href":"https:\/\/par.equalsthlm.se\/index.php\/wp-json\/wp\/v2\/pages\/1069"}],"wp:attachment":[{"href":"https:\/\/par.equalsthlm.se\/index.php\/wp-json\/wp\/v2\/media?parent=1087"}],"curies":[{"name":"wp","href":"https:\/\/api.w.org\/{rel}","templated":true}]}}