{"id":13,"date":"2026-03-11T18:05:47","date_gmt":"2026-03-11T18:05:47","guid":{"rendered":"https:\/\/par.equalsthlm.se\/?page_id=13"},"modified":"2026-03-20T10:49:56","modified_gmt":"2026-03-20T10:49:56","slug":"riksforeningen-par","status":"publish","type":"page","link":"https:\/\/par.equalsthlm.se\/","title":{"rendered":"Riksf\u00f6reningen PAR"},"content":{"rendered":"\t\t<div data-elementor-type=\"wp-page\" data-elementor-id=\"13\" class=\"elementor elementor-13\" data-elementor-post-type=\"page\">\n\t\t\t\t<div class=\"elementor-element elementor-element-e4bb956 e-flex e-con-boxed e-con e-parent\" data-id=\"e4bb956\" data-element_type=\"container\" data-e-type=\"container\">\n\t\t\t\t\t<div class=\"e-con-inner\">\n\t\t<div class=\"elementor-element elementor-element-9c90a11 e-con-full e-flex elementor-invisible e-con e-child\" data-id=\"9c90a11\" data-element_type=\"container\" data-e-type=\"container\" data-settings=\"{&quot;background_background&quot;:&quot;classic&quot;,&quot;animation&quot;:&quot;fadeInDown&quot;}\">\n\t\t\t\t<div class=\"elementor-element elementor-element-607529b elementor-icon-list--layout-traditional elementor-list-item-link-full_width elementor-widget elementor-widget-icon-list\" data-id=\"607529b\" data-element_type=\"widget\" data-e-type=\"widget\" data-widget_type=\"icon-list.default\">\n\t\t\t\t\t\t\t<ul class=\"elementor-icon-list-items\">\n\t\t\t\t\t\t\t<li class=\"elementor-icon-list-item\">\n\t\t\t\t\t\t\t\t\t\t\t<span class=\"elementor-icon-list-icon\">\n\t\t\t\t\t\t\t<svg aria-hidden=\"true\" class=\"e-font-icon-svg e-fas-book-open\" viewBox=\"0 0 576 512\" xmlns=\"http:\/\/www.w3.org\/2000\/svg\"><path d=\"M542.22 32.05c-54.8 3.11-163.72 14.43-230.96 55.59-4.64 2.84-7.27 7.89-7.27 13.17v363.87c0 11.55 12.63 18.85 23.28 13.49 69.18-34.82 169.23-44.32 218.7-46.92 16.89-.89 30.02-14.43 30.02-30.66V62.75c.01-17.71-15.35-31.74-33.77-30.7zM264.73 87.64C197.5 46.48 88.58 35.17 33.78 32.05 15.36 31.01 0 45.04 0 62.75V400.6c0 16.24 13.13 29.78 30.02 30.66 49.49 2.6 149.59 12.11 218.77 46.95 10.62 5.35 23.21-1.94 23.21-13.46V100.63c0-5.29-2.62-10.14-7.27-12.99z\"><\/path><\/svg>\t\t\t\t\t\t<\/span>\n\t\t\t\t\t\t\t\t\t\t<span class=\"elementor-icon-list-text\">L\u00e4s\u00a0PARs 14 punkter f\u00f6r en f\u00f6rb\u00e4ttrad r\u00e4ttspsykiatri<\/span>\n\t\t\t\t\t\t\t\t\t<\/li>\n\t\t\t\t\t\t<\/ul>\n\t\t\t\t\t\t<\/div>\n\t\t\t\t<\/div>\n\t\t\t\t\t<\/div>\n\t\t\t\t<\/div>\n\t\t<div class=\"elementor-element elementor-element-7ab2a44 e-flex e-con-boxed e-con e-parent\" data-id=\"7ab2a44\" data-element_type=\"container\" data-e-type=\"container\">\n\t\t\t\t\t<div class=\"e-con-inner\">\n\t\t<div class=\"elementor-element elementor-element-a62af32 e-con-full e-flex e-con e-child\" data-id=\"a62af32\" data-element_type=\"container\" data-e-type=\"container\">\n\t\t\t\t<div class=\"elementor-element elementor-element-c54cafd elementor-widget elementor-widget-heading\" data-id=\"c54cafd\" data-element_type=\"widget\" data-e-type=\"widget\" data-widget_type=\"heading.default\">\n\t\t\t\t\t<h2 class=\"elementor-heading-title elementor-size-default\">Varf\u00f6r PAR finns!<\/h2>\t\t\t\t<\/div>\n\t\t\t\t<div class=\"elementor-element elementor-element-34e1896 elementor-widget elementor-widget-image\" data-id=\"34e1896\" data-element_type=\"widget\" data-e-type=\"widget\" data-widget_type=\"image.default\">\n\t\t\t\t\t\t\t\t\t\t\t\t\t\t\t<img fetchpriority=\"high\" decoding=\"async\" width=\"649\" height=\"777\" src=\"https:\/\/par.equalsthlm.se\/wp-content\/uploads\/2026\/03\/hjartat-inlast-illustration-jan-karlsson.jpg\" class=\"attachment-full size-full wp-image-42\" alt=\"Illustration av en person som sitter p\u00e5 golvet i en cell, ett hj\u00e4rta flyger in genom f\u00f6nstret\" srcset=\"https:\/\/par.equalsthlm.se\/wp-content\/uploads\/2026\/03\/hjartat-inlast-illustration-jan-karlsson.jpg 649w, https:\/\/par.equalsthlm.se\/wp-content\/uploads\/2026\/03\/hjartat-inlast-illustration-jan-karlsson-251x300.jpg 251w\" sizes=\"(max-width: 649px) 100vw, 649px\" \/>\t\t\t\t\t\t\t\t\t\t\t\t\t\t\t<\/div>\n\t\t\t\t<div class=\"elementor-element elementor-element-2efabb3 elementor-widget elementor-widget-text-editor\" data-id=\"2efabb3\" data-element_type=\"widget\" data-e-type=\"widget\" data-widget_type=\"text-editor.default\">\n\t\t\t\t\t\t\t\t\t<p>I Sverige v\u00e5rdas varje \u00e5r cirka 2000 personer i r\u00e4ttspsykiatrin. Trots det \u00e4r det v\u00e4ldigt f\u00e5 m\u00e4nniskor som har kunskap om, eller insyn i verksamheten. Vi arbetar med patienters delaktighet och inflytande i r\u00e4ttspsykiatrin och d\u00e4rf\u00f6r beh\u00f6vs och finns vi.<\/p>\t\t\t\t\t\t\t\t<\/div>\n\t\t\t\t<\/div>\n\t\t<div class=\"elementor-element elementor-element-885eb7b e-con-full e-flex e-con e-child\" data-id=\"885eb7b\" data-element_type=\"container\" data-e-type=\"container\">\n\t\t\t\t<div class=\"elementor-element elementor-element-0c03ca1 elementor-widget elementor-widget-heading\" data-id=\"0c03ca1\" data-element_type=\"widget\" data-e-type=\"widget\" data-widget_type=\"heading.default\">\n\t\t\t\t\t<h2 class=\"elementor-heading-title elementor-size-default\">Nyheter<\/h2>\t\t\t\t<\/div>\n\t\t\t\t<div class=\"elementor-element elementor-element-386d5ae elementor-arrows-position-inside elementor-widget elementor-widget-loop-carousel\" data-id=\"386d5ae\" data-element_type=\"widget\" data-e-type=\"widget\" data-settings=\"{&quot;template_id&quot;:160,&quot;slides_to_show&quot;:&quot;2&quot;,&quot;offset_sides&quot;:&quot;right&quot;,&quot;_skin&quot;:&quot;post&quot;,&quot;slides_to_show_widescreen&quot;:&quot;3&quot;,&quot;slides_to_show_laptop&quot;:&quot;3&quot;,&quot;slides_to_show_tablet&quot;:&quot;2&quot;,&quot;slides_to_show_mobile&quot;:&quot;1&quot;,&quot;slides_to_scroll&quot;:&quot;1&quot;,&quot;edit_handle_selector&quot;:&quot;.elementor-loop-container&quot;,&quot;autoplay&quot;:&quot;yes&quot;,&quot;autoplay_speed&quot;:5000,&quot;pause_on_hover&quot;:&quot;yes&quot;,&quot;pause_on_interaction&quot;:&quot;yes&quot;,&quot;infinite&quot;:&quot;yes&quot;,&quot;speed&quot;:500,&quot;offset_width&quot;:{&quot;unit&quot;:&quot;px&quot;,&quot;size&quot;:80,&quot;sizes&quot;:[]},&quot;offset_width_widescreen&quot;:{&quot;unit&quot;:&quot;px&quot;,&quot;size&quot;:&quot;&quot;,&quot;sizes&quot;:[]},&quot;offset_width_laptop&quot;:{&quot;unit&quot;:&quot;px&quot;,&quot;size&quot;:&quot;&quot;,&quot;sizes&quot;:[]},&quot;offset_width_tablet&quot;:{&quot;unit&quot;:&quot;px&quot;,&quot;size&quot;:&quot;&quot;,&quot;sizes&quot;:[]},&quot;offset_width_mobile&quot;:{&quot;unit&quot;:&quot;px&quot;,&quot;size&quot;:&quot;&quot;,&quot;sizes&quot;:[]},&quot;arrows&quot;:&quot;yes&quot;,&quot;image_spacing_custom&quot;:{&quot;unit&quot;:&quot;px&quot;,&quot;size&quot;:10,&quot;sizes&quot;:[]},&quot;image_spacing_custom_widescreen&quot;:{&quot;unit&quot;:&quot;px&quot;,&quot;size&quot;:&quot;&quot;,&quot;sizes&quot;:[]},&quot;image_spacing_custom_laptop&quot;:{&quot;unit&quot;:&quot;px&quot;,&quot;size&quot;:&quot;&quot;,&quot;sizes&quot;:[]},&quot;image_spacing_custom_tablet&quot;:{&quot;unit&quot;:&quot;px&quot;,&quot;size&quot;:&quot;&quot;,&quot;sizes&quot;:[]},&quot;image_spacing_custom_mobile&quot;:{&quot;unit&quot;:&quot;px&quot;,&quot;size&quot;:&quot;&quot;,&quot;sizes&quot;:[]}}\" data-widget_type=\"loop-carousel.post\">\n\t\t\t\t\t\t\t<div class=\"swiper elementor-loop-container elementor-grid\" role=\"list\" dir=\"ltr\">\n\t\t\t\t<div class=\"swiper-wrapper\" aria-live=\"off\">\n\t\t<style id=\"loop-160\">.elementor-160 .elementor-element.elementor-element-44b4c8b{--display:flex;--flex-direction:column;--container-widget-width:100%;--container-widget-height:initial;--container-widget-flex-grow:0;--container-widget-align-self:initial;--flex-wrap-mobile:wrap;--justify-content:flex-start;border-style:solid;--border-style:solid;border-width:1px 1px 1px 1px;--border-top-width:1px;--border-right-width:1px;--border-bottom-width:1px;--border-left-width:1px;border-color:#BEBEBE;--border-color:#BEBEBE;--border-radius:10px 10px 10px 10px;box-shadow:0px 0px 10px 0px rgba(0, 0, 0, 0.18);}.elementor-160 .elementor-element.elementor-element-44b4c8b:hover{box-shadow:0px 0px 10px 0px rgba(0,0,0,0.5);}.elementor-widget-theme-post-featured-image .widget-image-caption{color:var( --e-global-color-text );font-family:var( --e-global-typography-text-font-family ), Sans-serif;font-weight:var( --e-global-typography-text-font-weight );}.elementor-160 .elementor-element.elementor-element-39bb195 img{width:100%;height:155px;object-fit:cover;object-position:center center;border-radius:5px 5px 5px 5px;}.elementor-160 .elementor-element.elementor-element-2ee12c5{--display:flex;--flex-direction:row;--container-widget-width:initial;--container-widget-height:100%;--container-widget-flex-grow:1;--container-widget-align-self:stretch;--flex-wrap-mobile:wrap;}.elementor-widget-heading .elementor-heading-title{font-family:var( --e-global-typography-primary-font-family ), Sans-serif;font-weight:var( --e-global-typography-primary-font-weight );color:var( --e-global-color-primary );}.elementor-160 .elementor-element.elementor-element-d6c7f6c .elementor-heading-title{font-family:\"Roboto Mono\", Sans-serif;font-size:12px;font-weight:300;text-transform:uppercase;font-style:normal;text-decoration:none;line-height:1.7em;letter-spacing:-0.02em;word-spacing:0em;color:#181818;}.elementor-160 .elementor-element.elementor-element-d6c7f6c{padding:3px 12px 2px 12px;background-color:#FFEDFD;border-radius:30px 30px 30px 30px;}.elementor-160 .elementor-element.elementor-element-4f378ff .elementor-heading-title{font-family:\"Lato\", Sans-serif;font-size:12px;font-weight:300;text-transform:uppercase;font-style:normal;text-decoration:none;line-height:1.5em;letter-spacing:-0.01em;word-spacing:0em;color:#000000;}.elementor-160 .elementor-element.elementor-element-4f378ff{padding:6px 0px 6px 0px;}.elementor-widget-theme-post-title .elementor-heading-title{font-family:var( --e-global-typography-primary-font-family ), Sans-serif;font-weight:var( --e-global-typography-primary-font-weight );color:var( --e-global-color-primary );}.elementor-160 .elementor-element.elementor-element-2ee930d .elementor-heading-title{font-family:\"Lato\", Sans-serif;font-size:18px;font-weight:600;line-height:22px;color:#000000;}.elementor-widget-theme-post-excerpt{font-family:var( --e-global-typography-text-font-family ), Sans-serif;font-weight:var( --e-global-typography-text-font-weight );color:var( --e-global-color-text );}.elementor-160 .elementor-element.elementor-element-94eb559{font-family:\"Poppins\", Sans-serif;font-size:14px;font-weight:300;color:#000000;}@media(max-width:1024px){.elementor-160 .elementor-element.elementor-element-d6c7f6c .elementor-heading-title{line-height:2.3em;}}@media(max-width:767px){.elementor-160 .elementor-element.elementor-element-d6c7f6c .elementor-heading-title{font-size:11px;line-height:2.1em;}.elementor-160 .elementor-element.elementor-element-d6c7f6c{padding:1px 12px 1px 12px;}.elementor-160 .elementor-element.elementor-element-4f378ff .elementor-heading-title{font-size:11px;}}<\/style>\t\t<div data-elementor-type=\"loop-item\" data-elementor-id=\"160\" class=\"elementor elementor-160 swiper-slide e-loop-item e-loop-item-87 post-87 post type-post status-publish format-standard has-post-thumbnail hentry category-nyheter\" data-elementor-post-type=\"elementor_library\" role=\"group\" aria-roledescription=\"slide\" data-custom-edit-handle=\"1\">\n\t\t\t<a class=\"elementor-element elementor-element-44b4c8b e-flex e-con-boxed e-con e-parent\" data-id=\"44b4c8b\" data-element_type=\"container\" data-e-type=\"container\" href=\"https:\/\/par.equalsthlm.se\/index.php\/2025\/09\/03\/patienter-i-rattspsykiatrin-nekas-sjukpenning-overklaga\/\">\n\t\t\t\t\t<div class=\"e-con-inner\">\n\t\t\t\t<div class=\"elementor-element elementor-element-39bb195 elementor-widget elementor-widget-theme-post-featured-image elementor-widget-image\" data-id=\"39bb195\" data-element_type=\"widget\" data-e-type=\"widget\" data-widget_type=\"theme-post-featured-image.default\">\n\t\t\t\t\t\t\t\t\t\t\t\t\t\t\t<img decoding=\"async\" width=\"1150\" height=\"637\" src=\"https:\/\/par.equalsthlm.se\/wp-content\/uploads\/2026\/03\/Forsakringskassan-sjukpenning-1150x637-c-default.jpg\" class=\"attachment-full size-full wp-image-88\" alt=\"\" srcset=\"https:\/\/par.equalsthlm.se\/wp-content\/uploads\/2026\/03\/Forsakringskassan-sjukpenning-1150x637-c-default.jpg 1150w, https:\/\/par.equalsthlm.se\/wp-content\/uploads\/2026\/03\/Forsakringskassan-sjukpenning-1150x637-c-default-300x166.jpg 300w, https:\/\/par.equalsthlm.se\/wp-content\/uploads\/2026\/03\/Forsakringskassan-sjukpenning-1150x637-c-default-1024x567.jpg 1024w, https:\/\/par.equalsthlm.se\/wp-content\/uploads\/2026\/03\/Forsakringskassan-sjukpenning-1150x637-c-default-768x425.jpg 768w\" sizes=\"(max-width: 1150px) 100vw, 1150px\" \/>\t\t\t\t\t\t\t\t\t\t\t\t\t\t\t<\/div>\n\t\t<div class=\"elementor-element elementor-element-2ee12c5 e-con-full e-flex e-con e-child\" data-id=\"2ee12c5\" data-element_type=\"container\" data-e-type=\"container\">\n\t\t\t\t<div class=\"elementor-element elementor-element-d6c7f6c elementor-widget elementor-widget-heading\" data-id=\"d6c7f6c\" data-element_type=\"widget\" data-e-type=\"widget\" data-widget_type=\"heading.default\">\n\t\t\t\t\t<p class=\"elementor-heading-title elementor-size-default\"><span>Nyheter<\/span><\/p>\t\t\t\t<\/div>\n\t\t\t\t<div class=\"elementor-element elementor-element-4f378ff elementor-widget elementor-widget-heading\" data-id=\"4f378ff\" data-element_type=\"widget\" data-e-type=\"widget\" data-widget_type=\"heading.default\">\n\t\t\t\t\t<p class=\"elementor-heading-title elementor-size-default\">2025-09-03<\/p>\t\t\t\t<\/div>\n\t\t\t\t<\/div>\n\t\t\t\t<div class=\"elementor-element elementor-element-2ee930d elementor-widget elementor-widget-theme-post-title elementor-page-title elementor-widget-heading\" data-id=\"2ee930d\" data-element_type=\"widget\" data-e-type=\"widget\" data-widget_type=\"theme-post-title.default\">\n\t\t\t\t\t<h1 class=\"elementor-heading-title elementor-size-default\">Patienter i r\u00e4ttspsykiatrin nekas sjukpenning\u00a0\u2013 \u00f6verklaga!<\/h1>\t\t\t\t<\/div>\n\t\t\t\t<div class=\"elementor-element elementor-element-94eb559 elementor-widget elementor-widget-theme-post-excerpt\" data-id=\"94eb559\" data-element_type=\"widget\" data-e-type=\"widget\" data-widget_type=\"theme-post-excerpt.default\">\n\t\t\t\t\tF\u00f6rs\u00e4kringskassan nekar sjukpenning till patienter i r\u00e4ttspsykiatrisk v\u00e5rd \u2013 trots att v\u00e5rden ges f\u00f6r allvarlig psykisk sjukdom.\t\t\t\t<\/div>\n\t\t\t\t\t<\/div>\n\t\t\t\t<\/a>\n\t\t\t\t<\/div>\n\t\t\t\t<div data-elementor-type=\"loop-item\" data-elementor-id=\"160\" class=\"elementor elementor-160 swiper-slide e-loop-item e-loop-item-145 post-145 post type-post status-publish format-standard has-post-thumbnail hentry category-nyheter\" data-elementor-post-type=\"elementor_library\" role=\"group\" aria-roledescription=\"slide\" data-custom-edit-handle=\"1\">\n\t\t\t<a class=\"elementor-element elementor-element-44b4c8b e-flex e-con-boxed e-con e-parent\" data-id=\"44b4c8b\" data-element_type=\"container\" data-e-type=\"container\" href=\"https:\/\/par.equalsthlm.se\/index.php\/2024\/05\/31\/pakethantering-av-hogsta-sakerhets-klass-i-rattspsykiatrin\/\">\n\t\t\t\t\t<div class=\"e-con-inner\">\n\t\t\t\t<div class=\"elementor-element elementor-element-39bb195 elementor-widget elementor-widget-theme-post-featured-image elementor-widget-image\" data-id=\"39bb195\" data-element_type=\"widget\" data-e-type=\"widget\" data-widget_type=\"theme-post-featured-image.default\">\n\t\t\t\t\t\t\t\t\t\t\t\t\t\t\t<img decoding=\"async\" width=\"1150\" height=\"637\" src=\"https:\/\/par.equalsthlm.se\/wp-content\/uploads\/2026\/03\/Regionkliniken_Sankt_Sigfrids-Vaxjo-1150x637-c-default.webp\" class=\"attachment-full size-full wp-image-146\" alt=\"Regionkliniken Sankt Sigfrids Vaxj\u00f6\" srcset=\"https:\/\/par.equalsthlm.se\/wp-content\/uploads\/2026\/03\/Regionkliniken_Sankt_Sigfrids-Vaxjo-1150x637-c-default.webp 1150w, https:\/\/par.equalsthlm.se\/wp-content\/uploads\/2026\/03\/Regionkliniken_Sankt_Sigfrids-Vaxjo-1150x637-c-default-300x166.webp 300w, https:\/\/par.equalsthlm.se\/wp-content\/uploads\/2026\/03\/Regionkliniken_Sankt_Sigfrids-Vaxjo-1150x637-c-default-1024x567.webp 1024w, https:\/\/par.equalsthlm.se\/wp-content\/uploads\/2026\/03\/Regionkliniken_Sankt_Sigfrids-Vaxjo-1150x637-c-default-768x425.webp 768w\" sizes=\"(max-width: 1150px) 100vw, 1150px\" \/>\t\t\t\t\t\t\t\t\t\t\t\t\t\t\t<\/div>\n\t\t<div class=\"elementor-element elementor-element-2ee12c5 e-con-full e-flex e-con e-child\" data-id=\"2ee12c5\" data-element_type=\"container\" data-e-type=\"container\">\n\t\t\t\t<div class=\"elementor-element elementor-element-d6c7f6c elementor-widget elementor-widget-heading\" data-id=\"d6c7f6c\" data-element_type=\"widget\" data-e-type=\"widget\" data-widget_type=\"heading.default\">\n\t\t\t\t\t<p class=\"elementor-heading-title elementor-size-default\"><span>Nyheter<\/span><\/p>\t\t\t\t<\/div>\n\t\t\t\t<div class=\"elementor-element elementor-element-4f378ff elementor-widget elementor-widget-heading\" data-id=\"4f378ff\" data-element_type=\"widget\" data-e-type=\"widget\" data-widget_type=\"heading.default\">\n\t\t\t\t\t<p class=\"elementor-heading-title elementor-size-default\">2024-05-31<\/p>\t\t\t\t<\/div>\n\t\t\t\t<\/div>\n\t\t\t\t<div class=\"elementor-element elementor-element-2ee930d elementor-widget elementor-widget-theme-post-title elementor-page-title elementor-widget-heading\" data-id=\"2ee930d\" data-element_type=\"widget\" data-e-type=\"widget\" data-widget_type=\"theme-post-title.default\">\n\t\t\t\t\t<h1 class=\"elementor-heading-title elementor-size-default\">Pakethantering av h\u00f6gsta (s\u00e4kerhets) klass i r\u00e4ttspsykiatrin<\/h1>\t\t\t\t<\/div>\n\t\t\t\t<div class=\"elementor-element elementor-element-94eb559 elementor-widget elementor-widget-theme-post-excerpt\" data-id=\"94eb559\" data-element_type=\"widget\" data-e-type=\"widget\" data-widget_type=\"theme-post-excerpt.default\">\n\t\t\t\t\tPakethantering av h\u00f6gsta (s\u00e4kerhets) klass i r\u00e4ttspsykiatrin \u00b7 Personal f\u00e5r inte h\u00e4mta paket \u00b7 Bara Postnord till\u00e5ts k\u00f6ra in p\u00e5 omr\u00e5det \t\t\t\t<\/div>\n\t\t\t\t\t<\/div>\n\t\t\t\t<\/a>\n\t\t\t\t<\/div>\n\t\t\t\t<\/div>\n\t\t<\/div>\n\t\t\t\t\t<div class=\"elementor-swiper-button elementor-swiper-button-prev\" role=\"button\" tabindex=\"0\" aria-label=\"Previous\">\n\t\t\t\t<svg aria-hidden=\"true\" class=\"e-font-icon-svg e-eicon-chevron-left\" viewBox=\"0 0 1000 1000\" xmlns=\"http:\/\/www.w3.org\/2000\/svg\"><path d=\"M646 125C629 125 613 133 604 142L308 442C296 454 292 471 292 487 292 504 296 521 308 533L604 854C617 867 629 875 646 875 663 875 679 871 692 858 704 846 713 829 713 812 713 796 708 779 692 767L438 487 692 225C700 217 708 204 708 187 708 171 704 154 692 142 675 129 663 125 646 125Z\"><\/path><\/svg>\t\t\t<\/div>\n\t\t\t<div class=\"elementor-swiper-button elementor-swiper-button-next\" role=\"button\" tabindex=\"0\" aria-label=\"Next\">\n\t\t\t\t<svg aria-hidden=\"true\" class=\"e-font-icon-svg e-eicon-chevron-right\" viewBox=\"0 0 1000 1000\" xmlns=\"http:\/\/www.w3.org\/2000\/svg\"><path d=\"M696 533C708 521 713 504 713 487 713 471 708 454 696 446L400 146C388 133 375 125 354 125 338 125 325 129 313 142 300 154 292 171 292 187 292 204 296 221 308 233L563 492 304 771C292 783 288 800 288 817 288 833 296 850 308 863 321 871 338 875 354 875 371 875 388 867 400 854L696 533Z\"><\/path><\/svg>\t\t\t<\/div>\n\t\t\t\t\t\t<\/div>\n\t\t\t\t<\/div>\n\t\t\t\t\t<\/div>\n\t\t\t\t<\/div>\n\t\t<div class=\"elementor-element elementor-element-9c24eef e-flex e-con-boxed e-con e-parent\" data-id=\"9c24eef\" data-element_type=\"container\" data-e-type=\"container\">\n\t\t\t\t\t<div class=\"e-con-inner\">\n\t\t<div class=\"elementor-element elementor-element-6ddb5b5 e-con-full e-flex e-con e-child\" data-id=\"6ddb5b5\" data-element_type=\"container\" data-e-type=\"container\">\n\t\t\t\t<div class=\"elementor-element elementor-element-d33cddb elementor-widget elementor-widget-heading\" data-id=\"d33cddb\" data-element_type=\"widget\" data-e-type=\"widget\" data-widget_type=\"heading.default\">\n\t\t\t\t\t<h2 class=\"elementor-heading-title elementor-size-default\">Hj\u00e4lp oss att sprida kunskap!<\/h2>\t\t\t\t<\/div>\n\t\t\t\t<div class=\"elementor-element elementor-element-75ca132 elementor-widget elementor-widget-text-editor\" data-id=\"75ca132\" data-element_type=\"widget\" data-e-type=\"widget\" data-widget_type=\"text-editor.default\">\n\t\t\t\t\t\t\t\t\t<p>Vi har m\u00e4rkt att v\u00e4gen genom r\u00e4ttspsykiatrin ofta \u00e4r obegriplig f\u00f6r b\u00e5de patienter och anh\u00f6riga. D\u00e4rf\u00f6r har vi tagit fram broschyren <b data-path-to-node=\"8,1\" data-index-in-node=\"133\">&#8220;S\u00e5 fungerar r\u00e4ttspsykiatrin&#8221;<\/b>.<\/p>\t\t\t\t\t\t\t\t<\/div>\n\t\t\t\t<div class=\"elementor-element elementor-element-49c95cd elementor-widget elementor-widget-text-editor\" data-id=\"49c95cd\" data-element_type=\"widget\" data-e-type=\"widget\" data-widget_type=\"text-editor.default\">\n\t\t\t\t\t\t\t\t\t<p data-path-to-node=\"8,2\">Hj\u00e4lp oss att n\u00e5 ut till fler! Dela informationen med n\u00e5gon som sitter i v\u00e5rden, en anh\u00f6rig eller personal inom professionen. Ju fler vi \u00e4r som f\u00f6rst\u00e5r systemet, desto starkare blir vi.<\/p>\t\t\t\t\t\t\t\t<\/div>\n\t\t\t\t<\/div>\n\t\t<div class=\"elementor-element elementor-element-c1d6a8a e-con-full e-flex e-con e-child\" data-id=\"c1d6a8a\" data-element_type=\"container\" data-e-type=\"container\">\n\t\t\t\t<div class=\"elementor-element elementor-element-2f6f8cb elementor-widget elementor-widget-image\" data-id=\"2f6f8cb\" data-element_type=\"widget\" data-e-type=\"widget\" data-widget_type=\"image.default\">\n\t\t\t\t\t\t\t\t\t\t\t\t\t\t\t\t<a href=\"https:\/\/par.equalsthlm.se\/wp-content\/uploads\/2026\/03\/sa-fungerar-rattspsykiatrin-v2023-04-17.pdf\" target=\"_blank\">\n\t\t\t\t\t\t\t<img loading=\"lazy\" decoding=\"async\" width=\"659\" height=\"629\" src=\"https:\/\/par.equalsthlm.se\/wp-content\/uploads\/2026\/03\/broschyrx.png\" class=\"attachment-full size-full wp-image-269\" alt=\"Broschyren: S\u00e5 fungerar r\u00e4ttspsykiatrin\" srcset=\"https:\/\/par.equalsthlm.se\/wp-content\/uploads\/2026\/03\/broschyrx.png 659w, https:\/\/par.equalsthlm.se\/wp-content\/uploads\/2026\/03\/broschyrx-300x286.png 300w\" sizes=\"(max-width: 659px) 100vw, 659px\" \/>\t\t\t\t\t\t\t\t<\/a>\n\t\t\t\t\t\t\t\t\t\t\t\t\t\t\t<\/div>\n\t\t\t\t<div class=\"elementor-element elementor-element-c534f76 elementor-widget elementor-widget-text-editor\" data-id=\"c534f76\" data-element_type=\"widget\" data-e-type=\"widget\" data-widget_type=\"text-editor.default\">\n\t\t\t\t\t\t\t\t\t<p>Ladda ner broschyren h\u00e4r: <a href=\"https:\/\/par.equalsthlm.se\/wp-content\/uploads\/2026\/03\/sa-fungerar-rattspsykiatrin-v2023-04-17.pdf\" target=\"_blank\" rel=\"noopener\">S\u00e5 fungerar r\u00e4ttspsykiatrin<\/a>. Dela via nedan socialmedia.<\/p>\t\t\t\t\t\t\t\t<\/div>\n\t\t\t\t<div class=\"elementor-element elementor-element-ff04537 elementor-share-buttons--view-text elementor-share-buttons--skin-framed elementor-share-buttons--shape-circle elementor-grid-0 elementor-share-buttons--color-official elementor-widget elementor-widget-share-buttons\" data-id=\"ff04537\" data-element_type=\"widget\" data-e-type=\"widget\" data-settings=\"{&quot;share_url&quot;:{&quot;url&quot;:&quot;https:\\\/\\\/par.equalsthlm.se\\\/wp-content\\\/uploads\\\/2026\\\/03\\\/sa-fungerar-rattspsykiatrin-v2023-04-17.pdf&quot;,&quot;is_external&quot;:&quot;&quot;,&quot;nofollow&quot;:&quot;&quot;,&quot;custom_attributes&quot;:&quot;&quot;}}\" data-widget_type=\"share-buttons.default\">\n\t\t\t\t\t\t\t<div class=\"elementor-grid\" role=\"list\">\n\t\t\t\t\t\t\t\t<div class=\"elementor-grid-item\" role=\"listitem\">\n\t\t\t\t\t\t<div class=\"elementor-share-btn elementor-share-btn_facebook\" role=\"button\" tabindex=\"0\" aria-label=\"Share on facebook\">\n\t\t\t\t\t\t\t\t\t\t\t\t\t\t\t\t\t\t\t\t\t\t<div class=\"elementor-share-btn__text\">\n\t\t\t\t\t\t\t\t\t\t\t\t\t\t\t\t\t\t\t<span class=\"elementor-share-btn__title\">\n\t\t\t\t\t\t\t\t\t\tFacebook\t\t\t\t\t\t\t\t\t<\/span>\n\t\t\t\t\t\t\t\t\t\t\t\t\t\t\t\t\t<\/div>\n\t\t\t\t\t\t\t\t\t\t\t\t\t<\/div>\n\t\t\t\t\t<\/div>\n\t\t\t\t\t\t\t\t\t<div class=\"elementor-grid-item\" role=\"listitem\">\n\t\t\t\t\t\t<div class=\"elementor-share-btn elementor-share-btn_twitter\" role=\"button\" tabindex=\"0\" aria-label=\"Share on twitter\">\n\t\t\t\t\t\t\t\t\t\t\t\t\t\t\t\t\t\t\t\t\t\t<div class=\"elementor-share-btn__text\">\n\t\t\t\t\t\t\t\t\t\t\t\t\t\t\t\t\t\t\t<span class=\"elementor-share-btn__title\">\n\t\t\t\t\t\t\t\t\t\tTwitter\t\t\t\t\t\t\t\t\t<\/span>\n\t\t\t\t\t\t\t\t\t\t\t\t\t\t\t\t\t<\/div>\n\t\t\t\t\t\t\t\t\t\t\t\t\t<\/div>\n\t\t\t\t\t<\/div>\n\t\t\t\t\t\t\t\t\t<div class=\"elementor-grid-item\" role=\"listitem\">\n\t\t\t\t\t\t<div class=\"elementor-share-btn elementor-share-btn_linkedin\" role=\"button\" tabindex=\"0\" aria-label=\"Share on linkedin\">\n\t\t\t\t\t\t\t\t\t\t\t\t\t\t\t\t\t\t\t\t\t\t<div class=\"elementor-share-btn__text\">\n\t\t\t\t\t\t\t\t\t\t\t\t\t\t\t\t\t\t\t<span class=\"elementor-share-btn__title\">\n\t\t\t\t\t\t\t\t\t\tLinkedIn\t\t\t\t\t\t\t\t\t<\/span>\n\t\t\t\t\t\t\t\t\t\t\t\t\t\t\t\t\t<\/div>\n\t\t\t\t\t\t\t\t\t\t\t\t\t<\/div>\n\t\t\t\t\t<\/div>\n\t\t\t\t\t\t\t\t\t<div class=\"elementor-grid-item\" role=\"listitem\">\n\t\t\t\t\t\t<div class=\"elementor-share-btn elementor-share-btn_email\" role=\"button\" tabindex=\"0\" aria-label=\"Share on email\">\n\t\t\t\t\t\t\t\t\t\t\t\t\t\t\t\t\t\t\t\t\t\t<div class=\"elementor-share-btn__text\">\n\t\t\t\t\t\t\t\t\t\t\t\t\t\t\t\t\t\t\t<span class=\"elementor-share-btn__title\">\n\t\t\t\t\t\t\t\t\t\tE-post\t\t\t\t\t\t\t\t\t<\/span>\n\t\t\t\t\t\t\t\t\t\t\t\t\t\t\t\t\t<\/div>\n\t\t\t\t\t\t\t\t\t\t\t\t\t<\/div>\n\t\t\t\t\t<\/div>\n\t\t\t\t\t\t<\/div>\n\t\t\t\t\t\t<\/div>\n\t\t\t\t<\/div>\n\t\t\t\t\t<\/div>\n\t\t\t\t<\/div>\n\t\t\t\t<\/div>\n\t\t","protected":false},"excerpt":{"rendered":"<p>Riksf\u00f6reningen PAR verkar f\u00f6r \u00f6kad r\u00e4ttss\u00e4kerhet, inflytande och b\u00e4ttre v\u00e5rdinneh\u00e5ll inom r\u00e4ttspsykiatrin. Vi st\u00f6ttar patienter, anh\u00f6riga och skapar debatt.<\/p>\n","protected":false},"author":1,"featured_media":42,"parent":0,"menu_order":0,"comment_status":"closed","ping_status":"closed","template":"","meta":{"_acf_changed":false,"footnotes":""},"class_list":["post-13","page","type-page","status-publish","has-post-thumbnail","hentry"],"acf":[],"_links":{"self":[{"href":"https:\/\/par.equalsthlm.se\/index.php\/wp-json\/wp\/v2\/pages\/13","targetHints":{"allow":["GET"]}}],"collection":[{"href":"https:\/\/par.equalsthlm.se\/index.php\/wp-json\/wp\/v2\/pages"}],"about":[{"href":"https:\/\/par.equalsthlm.se\/index.php\/wp-json\/wp\/v2\/types\/page"}],"author":[{"embeddable":true,"href":"https:\/\/par.equalsthlm.se\/index.php\/wp-json\/wp\/v2\/users\/1"}],"replies":[{"embeddable":true,"href":"https:\/\/par.equalsthlm.se\/index.php\/wp-json\/wp\/v2\/comments?post=13"}],"version-history":[{"count":158,"href":"https:\/\/par.equalsthlm.se\/index.php\/wp-json\/wp\/v2\/pages\/13\/revisions"}],"predecessor-version":[{"id":986,"href":"https:\/\/par.equalsthlm.se\/index.php\/wp-json\/wp\/v2\/pages\/13\/revisions\/986"}],"wp:featuredmedia":[{"embeddable":true,"href":"https:\/\/par.equalsthlm.se\/index.php\/wp-json\/wp\/v2\/media\/42"}],"wp:attachment":[{"href":"https:\/\/par.equalsthlm.se\/index.php\/wp-json\/wp\/v2\/media?parent=13"}],"curies":[{"name":"wp","href":"https:\/\/api.w.org\/{rel}","templated":true}]}}