{"id":391,"date":"2019-01-06T12:52:47","date_gmt":"2019-01-06T12:52:47","guid":{"rendered":"http:\/\/www.riksforeningenpar.se\/?p=175"},"modified":"2026-04-09T20:37:37","modified_gmt":"2026-04-09T20:37:37","slug":"ect-elbehandling","status":"publish","type":"page","link":"https:\/\/par.equalsthlm.se\/index.php\/rattspsykiatrin-sa-funkar-den-i-vardagen\/ect-elbehandling\/","title":{"rendered":"ECT (Elbehandling)"},"content":{"rendered":"\n<p><em>Elbehandling, som ocks\u00e5 kallas f\u00f6r ECT eller elektrokonvulsiv behandling, kan vara en behandlingsform vid flera psykiska sjukdomar. Vanligen anv\u00e4nds elbehandling vid sv\u00e5r depression eller vid depression som inte f\u00f6rb\u00e4ttrats av l\u00e4kemedelsbehandling. Behandlingen kan ocks\u00e5 hj\u00e4lpa vid till exempel mani och vid vissa typer av psykoser och schizofreni.<\/em><\/p>\n\n\n\n<!--more L\u00e4s mer...-->\n\n\n\n<p>Innan du f\u00e5r elbehandling b\u00f6r du f\u00e5 information om vilken behandlingsalternativ som finns och hur behandlingen kommer att g\u00e5 till, vilken effekt du kan f\u00f6rv\u00e4nta dig och vilka biverkningar du kan f\u00e5 av behandlingen. Du b\u00f6r ocks\u00e5 f\u00e5 veta hur du ska g\u00f6ra om du f\u00e5r biverkningar.<\/p>\n\n\n\n<p>I Sverige f\u00e5r en patient behandlas med ECT \u00e4ven om det \u00e4r mot din egen vilja. Detta strider emot lagar och normer som g\u00e4ller i Europa.<\/p>\n\n\n\n<figure class=\"wp-block-image\"><img decoding=\"async\" src=\"http:\/\/www.riksforeningenpar.se\/wp-content\/uploads\/2019\/01\/personal-linje-1024x85.png\" alt=\"\" class=\"wp-image-164\"\/><\/figure>\n\n\n\n<p style=\"font-size:33px;text-align:right\"><strong><em>Om du f\u00e5r ECT-behandling mot din vilja<\/em><\/strong><em> <\/em><br><em>\u2013 kontakta oss p\u00e5 PAR.<\/em><\/p>\n\n\n\n<p>I den officiella versionen av ECTs biverkningar anges att det kan patienter f\u00e5 korta minnesproblem. Men det finns m\u00e5nga patienter som ber\u00e4ttar om l\u00e5ngvariga och ibland \u00e4ven permanenta st\u00f6rningar p\u00e5 minnet. Trots detta f\u00e5r man ge patienter elbehandling under tv\u00e5ng, mot deras medgivande.<\/p>\n\n\n\n<p>Anh\u00e4ngarna till detta anger att elbehandling ibland \u00e4r livr\u00e4ddande. Att det finns tillf\u00e4llen n\u00e4r patienter \u00e4r s\u00e5 sjuka att de inte \u00e4r kontaktbara och elbehandling \u00e4r det enda som hj\u00e4lper.<\/p>\n\n\n\n<p>S\u00e5dana fall finns s\u00e4kert men det finns ocks\u00e5 fall n\u00e4r man kan fr\u00e5ga sig om ECT \u00e4r den mest l\u00e4mpade behandling att ge en patient i tv\u00e5ngsv\u00e5rd. Som lagarna ser ut just nu finns r\u00e4tten att anv\u00e4nda ECT f\u00f6r behandlade l\u00e4kare i r\u00e4ttspsykiatrin.<\/p>\n\n\n\n<p><em><strong>Europar\u00e5det och FN s\u00e4ger att ECT- behandling ska vara frivillig.<\/strong><\/em> Om du f\u00e5r ECT-behandling mot din vilja vill vi g\u00e4rna att du kontaktar PAR. Vi tror att Europadomstolen skulle f\u00f6rbjuda Sverige att ge ECT-behandling mot din vilja.<\/p>\n","protected":false},"excerpt":{"rendered":"<p>Elbehandling, som ocks\u00e5 kallas f\u00f6r ECT eller elektrokonvulsiv behandling, kan vara en behandlingsform vid flera psykiska sjukdomar. Vanligen anv\u00e4nds elbehandling vid sv\u00e5r depression eller vid depression som inte f\u00f6rb\u00e4ttrats av l\u00e4kemedelsbehandling. Behandlingen kan ocks\u00e5 hj\u00e4lpa vid till exempel mani och vid vissa typer av psykoser och schizofreni.<\/p>\n","protected":false},"author":1,"featured_media":0,"parent":954,"menu_order":6,"comment_status":"closed","ping_status":"closed","template":"","meta":{"_acf_changed":false,"footnotes":""},"class_list":["post-391","page","type-page","status-publish","hentry"],"acf":[],"_links":{"self":[{"href":"https:\/\/par.equalsthlm.se\/index.php\/wp-json\/wp\/v2\/pages\/391","targetHints":{"allow":["GET"]}}],"collection":[{"href":"https:\/\/par.equalsthlm.se\/index.php\/wp-json\/wp\/v2\/pages"}],"about":[{"href":"https:\/\/par.equalsthlm.se\/index.php\/wp-json\/wp\/v2\/types\/page"}],"author":[{"embeddable":true,"href":"https:\/\/par.equalsthlm.se\/index.php\/wp-json\/wp\/v2\/users\/1"}],"replies":[{"embeddable":true,"href":"https:\/\/par.equalsthlm.se\/index.php\/wp-json\/wp\/v2\/comments?post=391"}],"version-history":[{"count":2,"href":"https:\/\/par.equalsthlm.se\/index.php\/wp-json\/wp\/v2\/pages\/391\/revisions"}],"predecessor-version":[{"id":917,"href":"https:\/\/par.equalsthlm.se\/index.php\/wp-json\/wp\/v2\/pages\/391\/revisions\/917"}],"up":[{"embeddable":true,"href":"https:\/\/par.equalsthlm.se\/index.php\/wp-json\/wp\/v2\/pages\/954"}],"wp:attachment":[{"href":"https:\/\/par.equalsthlm.se\/index.php\/wp-json\/wp\/v2\/media?parent=391"}],"curies":[{"name":"wp","href":"https:\/\/api.w.org\/{rel}","templated":true}]}}