{"id":393,"date":"2019-01-06T11:06:27","date_gmt":"2019-01-06T11:06:27","guid":{"rendered":"http:\/\/www.riksforeningenpar.se\/?p=183"},"modified":"2026-04-09T20:37:43","modified_gmt":"2026-04-09T20:37:43","slug":"reglerna-skiljer-sig-at","status":"publish","type":"page","link":"https:\/\/par.equalsthlm.se\/index.php\/rattspsykiatrin-sa-funkar-den-i-vardagen\/reglerna-skiljer-sig-at\/","title":{"rendered":"Reglerna skiljer sig \u00e5t"},"content":{"rendered":"\n<p><em>R\u00e4ttspsykiatrin \u00e4r indelad i tre olika s\u00e4kerhetsklasser d\u00e4r s\u00e4kerhetsklass ett och tv\u00e5 \u00e4r till f\u00f6r personer som anses farliga. S\u00e4kerhetsklass tre \u00e4r till f\u00f6r patienter som inte anses farliga. S\u00e4kerhetsklasserna p\u00e5verkar hur mycket skydd som m\u00e5ste finnas mot bland annat avvikningar och v\u00e5ld.<\/em><\/p>\n\n\n\n<!--more L\u00e4s mer...-->\n\n\n\n<h2 class=\"wp-block-heading\">F\u00f6rbud mot egna mobiler och datorer p\u00e5 avdelningar med h\u00f6g s\u00e4kerhet<\/h2>\n\n\n\n<p>P\u00e5 avdelningar med s\u00e4kerhetsklass ett och tv\u00e5 \u00e4r det f\u00f6rbjudet f\u00f6r patienter att ha egna mobiltelefoner eller datorer. Det h\u00e4r best\u00e4mde riksdagen \u00e5r 2014.<\/p>\n\n\n\n<p>P\u00e5 avdelningar med s\u00e4kerhetsklass tre, med en godtagbar s\u00e4kerhet, ska patienter ha r\u00e4tt till egna mobiler och datorer med internet. Men det \u00e4r inte till\u00e5tet med kamera i mobiltelefonen eller datorn. Det h\u00e4r \u00e4r f\u00f6r att ingen ska kunna fotografera dig och \u201dh\u00e4nga ut dig\u201d p\u00e5 n\u00e4tet.<\/p>\n\n\n\n<h2 class=\"wp-block-heading\">Inpasseringskontroll<\/h2>\n\n\n\n<p>Det \u00e4r f\u00f6rbjudet att ta med farliga f\u00f6rem\u00e5l och narkotika i r\u00e4ttspsykiatrin. D\u00e4rf\u00f6r utf\u00f6r personalen inpasseringskontroll varje g\u00e5ng du kommer till avdelningen d\u00e5 du varit ute utan att personal varit med. Det inneb\u00e4r att personalen kontrollerar v\u00e4skor och din jacka n\u00e4r du inte har den p\u00e5 dig. Du f\u00e5r ocks\u00e5 visa vad du har i fickorna.<\/p>\n\n\n\n<p>Personalen anv\u00e4nder ocks\u00e5 metalldetektor vid inpasseringen. Personal har inte r\u00e4tt att visitera bes\u00f6kare men kan be dem h\u00e4nga av sig sin jacka och v\u00e4ska innan de g\u00e5r in p\u00e5 avdelningen.<\/p>\n\n\n\n<h2 class=\"wp-block-heading\">Visitering<\/h2>\n\n\n\n<p>Det finns tv\u00e5 typer av visiteringar. Den ena \u00e4r kroppsvisitation. Det inneb\u00e4r att personal ber dig att visa vad du har i fickorna samt att de kan titta vad du har i jackan n\u00e4r du inte har den p\u00e5 dig. Denna \u00e4r lik inpasseringskontrollen, men m\u00e5ste ordineras av \u00f6verl\u00e4karen.<\/p>\n\n\n\n<p>Den andra \u00e4r ytlig kroppsbesiktning. Det inneb\u00e4r att personal ber dig ta av dig alla kl\u00e4der. N\u00e4r du inte har p\u00e5 dig kl\u00e4derna kontroller personal att det inte finns n\u00e5got farligt f\u00f6rem\u00e5l eller narkotika i dom. Personalen kan antingen be dig s\u00e4tta p\u00e5 dig sjukhuskl\u00e4der eller ge dig tillbaks dina egna kl\u00e4der efter att vi kontrollerat dom. I b\u00e5da dessa fall ska det vara tv\u00e5 personal.<\/p>\n\n\n\n<h2 class=\"wp-block-heading\">Regler och rutiner<\/h2>\n\n\n\n<p>Varje avdelning har sina egna rutiner samt f\u00f6rh\u00e5llningss\u00e4tt. Ofta handlar det om generella f\u00f6rh\u00e5llningss\u00e4tt kring m\u00e5ltider och andra tider som till exempel promenader och morgonsamling.<\/p>\n\n\n\n<p>Dessa rutiner\/f\u00f6rh\u00e5llningss\u00e4tt \u00e4r till f\u00f6r att personalen ska kunna hantera den vardagliga verksamheten samt ocks\u00e5 f\u00f6r att ha en trygg och lugn milj\u00f6 p\u00e5 avdelningen. En del av dessa \u00e4r l\u00e4ttare att se anledningen till \u00e4n andra, en del kan vara s\u00e5 sj\u00e4lvklara f\u00f6r dig s\u00e5 att det k\u00e4nns kr\u00e4nkande. Det kan vara s\u00e5 att f\u00f6r n\u00e5gon av dina medpatienter \u00e4r samma sak inte lika sj\u00e4lvklar.<\/p>\n\n\n\n<p>Om dessa rutiner och f\u00f6rh\u00e5llningss\u00e4tt inte f\u00f6ljs \u00e4r det personalens jobb att s\u00e4ga till. Det \u00e4r viktigt att personalen g\u00f6r det p\u00e5 ett s\u00e4tt s\u00e5 att du som patient inte blir kr\u00e4nkt och f\u00f6rst\u00e5r varf\u00f6r. Det \u00e4r ocks\u00e5 viktigt att \u00e4ven all personal f\u00f6ljer rutiner.<\/p>\n\n\n\n<figure class=\"wp-block-image\"><img decoding=\"async\" src=\"http:\/\/www.riksforeningenpar.se\/wp-content\/uploads\/2019\/01\/personal-linje-1-1024x85.png\" alt=\"\" class=\"wp-image-184\"\/><\/figure>\n\n\n\n<p style=\"font-size:26px;text-align:right\"><em><strong>Ibland har personalen egna regler<\/strong><br> \u2013 en del \u00e4r \u201cschyssta\u201d och struntar i n\u00e5gra regler, men andra  i  personalen<br> hittar p\u00e5 egna.<\/em><\/p>\n","protected":false},"excerpt":{"rendered":"<p>R\u00e4ttspsykiatrin \u00e4r indelad i tre olika s\u00e4kerhetsklasser d\u00e4r s\u00e4kerhetsklass ett och tv\u00e5 \u00e4r till f\u00f6r personer som anses farliga. S\u00e4kerhetsklass tre \u00e4r till f\u00f6r patienter som inte anses farliga. S\u00e4kerhetsklasserna p\u00e5verkar hur mycket skydd som m\u00e5ste finnas mot bland annat avvikningar och v\u00e5ld.<\/p>\n","protected":false},"author":1,"featured_media":0,"parent":954,"menu_order":7,"comment_status":"closed","ping_status":"closed","template":"","meta":{"_acf_changed":false,"footnotes":""},"class_list":["post-393","page","type-page","status-publish","hentry"],"acf":[],"_links":{"self":[{"href":"https:\/\/par.equalsthlm.se\/index.php\/wp-json\/wp\/v2\/pages\/393","targetHints":{"allow":["GET"]}}],"collection":[{"href":"https:\/\/par.equalsthlm.se\/index.php\/wp-json\/wp\/v2\/pages"}],"about":[{"href":"https:\/\/par.equalsthlm.se\/index.php\/wp-json\/wp\/v2\/types\/page"}],"author":[{"embeddable":true,"href":"https:\/\/par.equalsthlm.se\/index.php\/wp-json\/wp\/v2\/users\/1"}],"replies":[{"embeddable":true,"href":"https:\/\/par.equalsthlm.se\/index.php\/wp-json\/wp\/v2\/comments?post=393"}],"version-history":[{"count":2,"href":"https:\/\/par.equalsthlm.se\/index.php\/wp-json\/wp\/v2\/pages\/393\/revisions"}],"predecessor-version":[{"id":921,"href":"https:\/\/par.equalsthlm.se\/index.php\/wp-json\/wp\/v2\/pages\/393\/revisions\/921"}],"up":[{"embeddable":true,"href":"https:\/\/par.equalsthlm.se\/index.php\/wp-json\/wp\/v2\/pages\/954"}],"wp:attachment":[{"href":"https:\/\/par.equalsthlm.se\/index.php\/wp-json\/wp\/v2\/media?parent=393"}],"curies":[{"name":"wp","href":"https:\/\/api.w.org\/{rel}","templated":true}]}}